{"id":135,"date":"2021-05-18T16:24:20","date_gmt":"2021-05-18T14:24:20","guid":{"rendered":"https:\/\/ac2praktikum.cup.uni-muenchen.de\/index.php\/anmeldung-2\/"},"modified":"2025-01-23T13:51:33","modified_gmt":"2025-01-23T12:51:33","slug":"anmeldung-2","status":"publish","type":"page","link":"https:\/\/ac2praktikum.cup.uni-muenchen.de\/index.php\/anmeldung-2\/","title":{"rendered":"Anmeldung"},"content":{"rendered":"<div data-colibri-id=\"135-c1\" class=\"style-343 style-local-135-c1 position-relative\">\n  <!---->\n  <div data-colibri-component=\"section\" data-colibri-id=\"135-c2\" id=\"custom\" class=\"h-section h-section-global-spacing d-flex align-items-lg-center align-items-md-center align-items-center style-344 style-local-135-c2 position-relative\">\n    <!---->\n    <!---->\n    <div class=\"h-section-grid-container h-section-boxed-container\">\n      <!---->\n      <div data-colibri-id=\"135-c3\" class=\"h-row-container gutters-row-lg-2 gutters-row-md-2 gutters-row-0 gutters-row-v-lg-2 gutters-row-v-md-2 gutters-row-v-2 style-345 style-local-135-c3 position-relative\">\n        <!---->\n        <div class=\"h-row justify-content-lg-center justify-content-md-center justify-content-center align-items-lg-stretch align-items-md-stretch align-items-stretch gutters-col-lg-2 gutters-col-md-2 gutters-col-0 gutters-col-v-lg-2 gutters-col-v-md-2 gutters-col-v-2\">\n          <!---->\n          <div class=\"h-column h-column-container d-flex h-col-lg-auto h-col-md-auto h-col-auto style-346-outer style-local-135-c4-outer\">\n            <div data-colibri-id=\"135-c4\" class=\"d-flex h-flex-basis h-column__inner h-px-lg-2 h-px-md-2 h-px-2 v-inner-lg-2 v-inner-md-2 v-inner-2 style-346 style-local-135-c4 position-relative\">\n              <!---->\n              <!---->\n              <div class=\"w-100 h-y-container h-column__content h-column__v-align flex-basis-100 align-self-lg-start align-self-md-start align-self-start\">\n                <!---->\n                <div data-colibri-id=\"135-c5\" class=\"h-text h-text-component style-348 style-local-135-c5 position-relative h-element\">\n                  <!---->\n                  <!---->\n                  <div class=\"\">\n                    <p>Voraussetzungen<\/p>\n                  <\/div>\n                <\/div>\n              <\/div>\n            <\/div>\n          <\/div>\n          <div class=\"h-column h-column-container d-flex h-col-lg-auto h-col-md-auto h-col-auto style-347-outer style-local-135-c6-outer\">\n            <div data-colibri-id=\"135-c6\" class=\"d-flex h-flex-basis h-column__inner h-px-lg-2 h-px-md-2 h-px-2 v-inner-lg-2 v-inner-md-2 v-inner-2 style-347 style-local-135-c6 position-relative\">\n              <!---->\n              <!---->\n              <div class=\"w-100 h-y-container h-column__content h-column__v-align flex-basis-100 align-self-lg-start align-self-md-start align-self-start\">\n                <!---->\n                <div data-colibri-id=\"135-c7\" class=\"h-text h-text-component style-349 style-local-135-c7 position-relative h-element\">\n                  <!---->\n                  <!---->\n                  <div class=\"\">\n                    <p>Berechtigt zur Teilnahme am AC2-Praktikum bist Du, sobald Du das AC1-Praktikum vollst\u00e4ndig bestanden hast. Wenn Dir zum Zeitpunkt der Anmeldung zum AC2-Praktikum ein Teil, z. B. das Abschlusskolloquium, noch fehlt aber Du eine realistische\n                      Chance hast, diesen Teil vor Beginn eines der AC2-Praktikumskurse noch nachzuholen, solltest Du Dich hier auf alle F\u00e4lle schon anmelden.\n                      <br>\n                    <\/p>\n                  <\/div>\n                <\/div>\n              <\/div>\n            <\/div>\n          <\/div>\n        <\/div>\n      <\/div>\n      <div data-colibri-id=\"135-c8\" class=\"h-row-container gutters-row-lg-2 gutters-row-md-2 gutters-row-0 gutters-row-v-lg-2 gutters-row-v-md-2 gutters-row-v-2 style-541 style-local-135-c8 position-relative\">\n        <!---->\n        <div class=\"h-row justify-content-lg-center justify-content-md-center justify-content-center align-items-lg-stretch align-items-md-stretch align-items-stretch gutters-col-lg-2 gutters-col-md-2 gutters-col-0 gutters-col-v-lg-2 gutters-col-v-md-2 gutters-col-v-2\">\n          <!---->\n          <div class=\"h-column h-column-container d-flex h-col-lg-auto h-col-md-auto h-col-auto style-542-outer style-local-135-c9-outer\">\n            <div data-colibri-id=\"135-c9\" class=\"d-flex h-flex-basis h-column__inner h-px-lg-2 h-px-md-2 h-px-2 v-inner-lg-2 v-inner-md-2 v-inner-2 style-542 style-local-135-c9 position-relative\">\n              <!---->\n              <!---->\n              <div class=\"w-100 h-y-container h-column__content h-column__v-align flex-basis-100 align-self-lg-start align-self-md-start align-self-start\">\n                <!---->\n                <div data-colibri-id=\"135-c10\" class=\"h-text h-text-component style-544 style-local-135-c10 position-relative h-element\">\n                  <!---->\n                  <!---->\n                  <div class=\"\">\n                    <p>Anmeldung<\/p>\n                  <\/div>\n                <\/div>\n              <\/div>\n            <\/div>\n          <\/div>\n          <div class=\"h-column h-column-container d-flex h-col-lg-auto h-col-md-auto h-col-auto style-543-outer style-local-135-c11-outer\">\n            <div data-colibri-id=\"135-c11\" class=\"d-flex h-flex-basis h-column__inner h-px-lg-2 h-px-md-2 h-px-2 v-inner-lg-2 v-inner-md-2 v-inner-2 style-543 style-local-135-c11 position-relative\">\n              <!---->\n              <!---->\n              <div class=\"w-100 h-y-container h-column__content h-column__v-align flex-basis-100 align-self-lg-start align-self-md-start align-self-start\">\n                <!---->\n                <div data-colibri-id=\"135-c12\" class=\"h-text h-text-component style-545 style-local-135-c12 position-relative h-element\">\n                  <!---->\n                  <!---->\n                  <div class=\"\">\n                    <p>Die Anmeldung erfolgt zentral \u00fcber die Departments-Seite:\n                      <br>\n                    <\/p>\n                  <\/div>\n                <\/div>\n                <div data-colibri-id=\"135-c13\" class=\"h-x-container style-549 style-local-135-c13 position-relative h-element\">\n                  <!---->\n                  <div class=\"h-x-container-inner style-dynamic-135-c13-group style-549-spacing style-local-135-c13-spacing\"><span class=\"h-button__outer style-550-outer style-local-135-c14-outer d-inline-flex h-element\"><a h-use-smooth-scroll=\"true\" href=\"https:\/\/www.cup.lmu.de\/anmeld\/prak4sem\/index.php\"  data-colibri-id=\"135-c14\" class=\"d-flex w-100 align-items-center h-button justify-content-lg-center justify-content-md-center justify-content-center style-550 style-local-135-c14 position-relative\"><!----><!----> <span>ZUR ANMELDUNG<\/span><\/a>\n                    <\/span>\n                  <\/div>\n                <\/div>\n                <div data-colibri-id=\"135-c15\" class=\"h-row-container gutters-row-lg-0 gutters-row-md-0 gutters-row-0 gutters-row-v-lg-0 gutters-row-v-md-0 gutters-row-v-0 style-546 style-local-135-c15 position-relative\">\n                  <!---->\n                  <div class=\"h-row justify-content-lg-center justify-content-md-center justify-content-center align-items-lg-stretch align-items-md-stretch align-items-stretch gutters-col-lg-0 gutters-col-md-0 gutters-col-0 gutters-col-v-lg-0 gutters-col-v-md-0 gutters-col-v-0\">\n                    <!---->\n                    <div class=\"h-column h-column-container d-flex h-col-lg-auto h-col-md-auto h-col-auto style-548-outer style-local-135-c16-outer\">\n                      <div data-colibri-id=\"135-c16\" class=\"d-flex h-flex-basis h-column__inner h-px-lg-0 h-px-md-0 h-px-0 v-inner-lg-0 v-inner-md-0 v-inner-0 style-548 style-local-135-c16 position-relative\">\n                        <!---->\n                        <!---->\n                        <div class=\"w-100 h-y-container h-column__content h-column__v-align flex-basis-100 align-self-lg-start align-self-md-start align-self-start\">\n                          <!---->\n                          <div data-colibri-id=\"135-c17\" class=\"h-text h-text-component style-551 style-local-135-c17 position-relative h-element\">\n                            <!---->\n                            <!---->\n                            <div class=\"\">\n                              <p>Fragen zur Anmeldung oder zur Berechtigung richtest Du bitte an<\/p>\n                            <\/div>\n                          <\/div>\n                        <\/div>\n                      <\/div>\n                    <\/div>\n                    <div class=\"h-column h-column-container d-flex h-col-lg-auto h-col-md-auto h-col-auto style-555-outer style-local-135-c18-outer\">\n                      <div data-colibri-id=\"135-c18\" class=\"d-flex h-flex-basis h-column__inner h-px-lg-0 h-px-md-0 h-px-0 v-inner-lg-0 v-inner-md-0 v-inner-0 style-555 style-local-135-c18 position-relative\">\n                        <!---->\n                        <!---->\n                        <div class=\"w-100 h-y-container h-column__content h-column__v-align flex-basis-100 align-self-lg-end align-self-md-end align-self-end\">\n                          <!---->\n                          <div data-colibri-id=\"135-c19\" class=\"h-x-container style-552 style-local-135-c19 position-relative h-element\">\n                            <!---->\n                            <div class=\"h-x-container-inner style-dynamic-135-c19-group style-552-spacing style-local-135-c19-spacing\"><span class=\"h-link__outer style-553-outer style-local-135-c20-outer d-inline-flex h-element\"><a h-use-smooth-scroll=\"true\" href=\"mailto:thomas.engel@cup.lmu.de\"  data-colibri-id=\"135-c20\" class=\"d-flex w-100 align-items-center h-link style-553 style-local-135-c20 position-relative\"><!----><span  class=\"h-svg-icon h-link__icon style-553-icon style-local-135-c20-icon\"><!--Icon by Font Awesome (https:\/\/fontawesome.com)-->\n    <svg version=\"1.1\" xmlns=\"http:\/\/www.w3.org\/2000\/svg\" xmlns:xlink=\"http:\/\/www.w3.org\/1999\/xlink\" id=\"envelope-o\" viewBox=\"0 0 1792 1896.0833\">\n      <path d=\"M1664 1504V736q-32 36-69 66-268 206-426 338-51 43-83 67t-86.5 48.5T897 1280h-2q-48 0-102.5-24.5T706 1207t-83-67q-158-132-426-338-37-30-69-66v768q0 13 9.5 22.5t22.5 9.5h1472q13 0 22.5-9.5t9.5-22.5zm0-1051v-24.5l-.5-13-3-12.5-5.5-9-9-7.5-14-2.5H160q-13 0-22.5 9.5T128 416q0 168 147 284 193 152 401 317 6 5 35 29.5t46 37.5 44.5 31.5T852 1143t43 9h2q20 0 43-9t50.5-27.5 44.5-31.5 46-37.5 35-29.5q208-165 401-317 54-43 100.5-115.5T1664 453zm128-37v1088q0 66-47 113t-113 47H160q-66 0-113-47T0 1504V416q0-66 47-113t113-47h1472q66 0 113 47t47 113z\"><\/path>\n    <\/svg><\/span> <span>Dr. Thomas Engel<\/span><\/a>\n                              <\/span>\n                            <\/div>\n                          <\/div>\n                        <\/div>\n                      <\/div>\n                    <\/div>\n                  <\/div>\n                <\/div>\n              <\/div>\n            <\/div>\n          <\/div>\n        <\/div>\n      <\/div>\n      <div data-colibri-id=\"135-c21\" class=\"h-row-container gutters-row-lg-2 gutters-row-md-2 gutters-row-0 gutters-row-v-lg-2 gutters-row-v-md-2 gutters-row-v-2 style-3080 style-local-135-c21 position-relative\">\n        <!---->\n        <div class=\"h-row justify-content-lg-center justify-content-md-center justify-content-center align-items-lg-stretch align-items-md-stretch align-items-stretch gutters-col-lg-2 gutters-col-md-2 gutters-col-0 gutters-col-v-lg-2 gutters-col-v-md-2 gutters-col-v-2\">\n          <!---->\n          <div class=\"h-column h-column-container d-flex h-col-lg-auto h-col-md-auto h-col-auto style-3081-outer style-local-135-c22-outer\">\n            <div data-colibri-id=\"135-c22\" class=\"d-flex h-flex-basis h-column__inner h-px-lg-2 h-px-md-2 h-px-2 v-inner-lg-2 v-inner-md-2 v-inner-2 style-3081 style-local-135-c22 position-relative\">\n              <!---->\n              <!---->\n              <div class=\"w-100 h-y-container h-column__content h-column__v-align flex-basis-100 align-self-lg-start align-self-md-start align-self-start\">\n                <!---->\n                <div data-colibri-id=\"135-c23\" class=\"h-text h-text-component style-3083 style-local-135-c23 position-relative h-element\">\n                  <!---->\n                  <!---->\n                  <div class=\"\">\n                    <p>Tutor\/in werden\n                      <br>\n                    <\/p>\n                  <\/div>\n                <\/div>\n              <\/div>\n            <\/div>\n          <\/div>\n          <div class=\"h-column h-column-container d-flex h-col-lg-auto h-col-md-auto h-col-auto style-3082-outer style-local-135-c24-outer\">\n            <div data-colibri-id=\"135-c24\" class=\"d-flex h-flex-basis h-column__inner h-px-lg-2 h-px-md-2 h-px-2 v-inner-lg-2 v-inner-md-2 v-inner-2 style-3082 style-local-135-c24 position-relative\">\n              <!---->\n              <!---->\n              <div class=\"w-100 h-y-container h-column__content h-column__v-align flex-basis-100 align-self-lg-start align-self-md-start align-self-start\">\n                <!---->\n                <div data-colibri-id=\"135-c25\" class=\"h-text h-text-component style-3084 style-local-135-c25 position-relative h-element\">\n                  <!---->\n                  <!---->\n                  <div class=\"\">\n                    <p>Jede\/r, der\/die das AC2-Praktikum selbst schon erfolgreich absolviert hat, kann als Tutorin oder Tutor in einem der n\u00e4chsten Kurse mitmachen, dabei das Fachwissen vertiefen, soziale Skills erlernen und nat\u00fcrlich auch beim Studium Geld\n                      dazu verdienen.\n                      <br>\n                    <\/p>\n                    <p>Auch die Bewerbung als Tutorin oder Tutor im AC2-Praktikum l\u00e4uft \u00fcber eine zentrale Seite des Departments:\n                      <br>\n                    <\/p>\n                  <\/div>\n                <\/div>\n                <div data-colibri-id=\"135-c26\" class=\"h-x-container style-3085 style-local-135-c26 position-relative h-element\">\n                  <!---->\n                  <div class=\"h-x-container-inner style-dynamic-135-c26-group style-3085-spacing style-local-135-c26-spacing\"><span class=\"h-button__outer style-3086-outer style-local-135-c27-outer d-inline-flex h-element\"><a h-use-smooth-scroll=\"true\" href=\"https:\/\/www.cup.lmu.de\/anmeld\/tutoren\/\"  data-colibri-id=\"135-c27\" class=\"d-flex w-100 align-items-center h-button justify-content-lg-center justify-content-md-center justify-content-center style-3086 style-local-135-c27 position-relative\"><!----><!----> <span>Anmeldung als Tutor\/in<\/span><\/a>\n                    <\/span>\n                  <\/div>\n                <\/div>\n                <div data-colibri-id=\"135-c28\" class=\"h-text h-text-component style-3087 style-local-135-c28 position-relative h-element\">\n                  <!---->\n                  <!---->\n                  <div class=\"\">\n                    <p>F\u00fcr alle Betreuerinnen und Betreuer der AC-Praktika ist eine vorherige Absolvierung der Kurse zum Betreuer-Training <strong>Pflicht<\/strong>. Die Teilnahme an diesen Kursen muss dem Praktikumsleiter durch die dort erworbenen Zertifikate\n                      nachgewiesen werden, bevor die Tutoren-T\u00e4tigkeit beginnt. F\u00fcr Tutorinnen und Tutoren w\u00e4re die Teilnahme erw\u00fcnscht.\n                      <br>\n                    <\/p>\n                  <\/div>\n                <\/div>\n                <div data-colibri-id=\"135-c29\" class=\"h-row-container gutters-row-lg-2 gutters-row-md-2 gutters-row-0 gutters-row-v-lg-2 gutters-row-v-md-2 gutters-row-v-2 style-3088 style-local-135-c29 position-relative\">\n                  <!---->\n                  <div class=\"h-row justify-content-lg-center justify-content-md-center justify-content-center align-items-lg-stretch align-items-md-stretch align-items-stretch gutters-col-lg-2 gutters-col-md-2 gutters-col-0 gutters-col-v-lg-2 gutters-col-v-md-2 gutters-col-v-2\">\n                    <!---->\n                    <div class=\"h-column h-column-container d-flex h-col-lg-auto h-col-md-auto h-col-auto style-3089-outer style-local-135-c30-outer\">\n                      <div data-colibri-id=\"135-c30\" class=\"d-flex h-flex-basis h-column__inner h-px-lg-2 h-px-md-2 h-px-2 v-inner-lg-2 v-inner-md-2 v-inner-2 style-3089 style-local-135-c30 position-relative\">\n                        <!---->\n                        <!---->\n                        <div class=\"w-100 h-y-container h-column__content h-column__v-align flex-basis-100 align-self-lg-start align-self-md-start align-self-start\">\n                          <!---->\n                          <div data-colibri-id=\"135-c31\" class=\"h-x-container style-3091 style-local-135-c31 position-relative h-element\">\n                            <!---->\n                            <div class=\"h-x-container-inner style-dynamic-135-c31-group style-3091-spacing style-local-135-c31-spacing\"><span class=\"h-button__outer style-3092-outer style-local-135-c32-outer d-inline-flex h-element\"><a h-use-smooth-scroll=\"true\" href=\"https:\/\/hoch.cup.uni-muenchen.de\/teaching\/mentoring-und-awareness-fur-praktikumsbetreuende\/\"  data-colibri-id=\"135-c32\" class=\"d-flex w-100 align-items-center h-button justify-content-lg-center justify-content-md-center justify-content-center style-3092 style-local-135-c32 position-relative\"><!----><!----> <span>Kurse zur Praktikumsbetreuung<\/span><\/a>\n                              <\/span>\n                            <\/div>\n                          <\/div>\n                        <\/div>\n                      <\/div>\n                    <\/div>\n                  <\/div>\n                <\/div>\n                <div data-colibri-id=\"135-c33\" class=\"h-row-container gutters-row-lg-2 gutters-row-md-2 gutters-row-0 gutters-row-v-lg-2 gutters-row-v-md-2 gutters-row-v-2 style-10664 style-local-135-c33 position-relative\">\n                  <!---->\n                  <div class=\"h-row justify-content-lg-center justify-content-md-center justify-content-center align-items-lg-stretch align-items-md-stretch align-items-stretch gutters-col-lg-2 gutters-col-md-2 gutters-col-0 gutters-col-v-lg-2 gutters-col-v-md-2 gutters-col-v-2\">\n                    <!---->\n                    <div class=\"h-column h-column-container d-flex h-col-lg-auto h-col-md-auto h-col-auto style-10665-outer style-local-135-c34-outer\">\n                      <div data-colibri-id=\"135-c34\" class=\"d-flex h-flex-basis h-column__inner h-px-lg-2 h-px-md-2 h-px-2 v-inner-lg-2 v-inner-md-2 v-inner-2 style-10665 style-local-135-c34 position-relative\">\n                        <!---->\n                        <!---->\n                        <div class=\"w-100 h-y-container h-column__content h-column__v-align flex-basis-100 align-self-lg-start align-self-md-start align-self-start\">\n                          <!---->\n                          <div data-colibri-id=\"135-c35\" class=\"h-text h-text-component style-10667 style-local-135-c35 position-relative h-element\">\n                            <!---->\n                            <!---->\n                            <div class=\"\">\n                              <p>Fragen bez\u00fcglich Tutoren-T\u00e4tigkeit richtest Du bitte an\n                                <br>\n                              <\/p>\n                            <\/div>\n                          <\/div>\n                        <\/div>\n                      <\/div>\n                    <\/div>\n                    <div class=\"h-column h-column-container d-flex h-col-lg-auto h-col-md-auto h-col-auto style-10666-outer style-local-135-c36-outer\">\n                      <div data-colibri-id=\"135-c36\" class=\"d-flex h-flex-basis h-column__inner h-px-lg-2 h-px-md-2 h-px-2 v-inner-lg-2 v-inner-md-2 v-inner-2 style-10666 style-local-135-c36 position-relative\">\n                        <!---->\n                        <!---->\n                        <div class=\"w-100 h-y-container h-column__content h-column__v-align flex-basis-100 align-self-lg-end align-self-md-end align-self-end\">\n                          <!---->\n                          <div data-colibri-id=\"135-c37\" class=\"h-x-container style-10668 style-local-135-c37 position-relative h-element\">\n                            <!---->\n                            <div class=\"h-x-container-inner style-dynamic-135-c37-group style-10668-spacing style-local-135-c37-spacing\"><span class=\"h-link__outer style-10669-outer style-local-135-c38-outer d-inline-flex h-element\"><a h-use-smooth-scroll=\"true\" href=\"mailto:constantin.hoch@cup.lmu.de\"  data-colibri-id=\"135-c38\" class=\"d-flex w-100 align-items-center h-link style-10669 style-local-135-c38 position-relative\"><!----><span  class=\"h-svg-icon h-link__icon style-10669-icon style-local-135-c38-icon\"><!--Icon by Font Awesome (https:\/\/fontawesome.com)-->\n    <svg version=\"1.1\" xmlns=\"http:\/\/www.w3.org\/2000\/svg\" xmlns:xlink=\"http:\/\/www.w3.org\/1999\/xlink\" id=\"envelope-o\" viewBox=\"0 0 1792 1896.0833\">\n      <path d=\"M1664 1504V736q-32 36-69 66-268 206-426 338-51 43-83 67t-86.5 48.5T897 1280h-2q-48 0-102.5-24.5T706 1207t-83-67q-158-132-426-338-37-30-69-66v768q0 13 9.5 22.5t22.5 9.5h1472q13 0 22.5-9.5t9.5-22.5zm0-1051v-24.5l-.5-13-3-12.5-5.5-9-9-7.5-14-2.5H160q-13 0-22.5 9.5T128 416q0 168 147 284 193 152 401 317 6 5 35 29.5t46 37.5 44.5 31.5T852 1143t43 9h2q20 0 43-9t50.5-27.5 44.5-31.5 46-37.5 35-29.5q208-165 401-317 54-43 100.5-115.5T1664 453zm128-37v1088q0 66-47 113t-113 47H160q-66 0-113-47T0 1504V416q0-66 47-113t113-47h1472q66 0 113 47t47 113z\"><\/path>\n    <\/svg><\/span> <span>Dr. Constantin Hoch<\/span><\/a>\n                              <\/span>\n                            <\/div>\n                          <\/div>\n                        <\/div>\n                      <\/div>\n                    <\/div>\n                  <\/div>\n                <\/div>\n              <\/div>\n            <\/div>\n          <\/div>\n        <\/div>\n      <\/div>\n    <\/div>\n  <\/div>\n<\/div>","protected":false},"excerpt":{"rendered":"<p>Voraussetzungen Berechtigt zur Teilnahme am AC2-Praktikum bist Du, sobald Du das AC1-Praktikum vollst\u00e4ndig bestanden hast. Wenn Dir zum Zeitpunkt der Anmeldung zum AC2-Praktikum ein Teil, z. B. das Abschlusskolloquium, noch fehlt aber Du eine realistische Chance hast, diesen Teil vor Beginn eines der AC2-Praktikumskurse noch nachzuholen, solltest Du Dich hier auf alle F\u00e4lle schon anmelden. [&hellip;]<\/p>\n","protected":false},"author":1,"featured_media":0,"parent":0,"menu_order":0,"comment_status":"closed","ping_status":"closed","template":"page-templates\/full-width-page.php","meta":{"footnotes":""},"class_list":["post-135","page","type-page","status-publish","hentry"],"_links":{"self":[{"href":"https:\/\/ac2praktikum.cup.uni-muenchen.de\/index.php\/wp-json\/wp\/v2\/pages\/135","targetHints":{"allow":["GET"]}}],"collection":[{"href":"https:\/\/ac2praktikum.cup.uni-muenchen.de\/index.php\/wp-json\/wp\/v2\/pages"}],"about":[{"href":"https:\/\/ac2praktikum.cup.uni-muenchen.de\/index.php\/wp-json\/wp\/v2\/types\/page"}],"author":[{"embeddable":true,"href":"https:\/\/ac2praktikum.cup.uni-muenchen.de\/index.php\/wp-json\/wp\/v2\/users\/1"}],"replies":[{"embeddable":true,"href":"https:\/\/ac2praktikum.cup.uni-muenchen.de\/index.php\/wp-json\/wp\/v2\/comments?post=135"}],"version-history":[{"count":0,"href":"https:\/\/ac2praktikum.cup.uni-muenchen.de\/index.php\/wp-json\/wp\/v2\/pages\/135\/revisions"}],"wp:attachment":[{"href":"https:\/\/ac2praktikum.cup.uni-muenchen.de\/index.php\/wp-json\/wp\/v2\/media?parent=135"}],"curies":[{"name":"wp","href":"https:\/\/api.w.org\/{rel}","templated":true}]}}