{"id":139,"date":"2021-05-18T16:25:30","date_gmt":"2021-05-18T14:25:30","guid":{"rendered":"https:\/\/ac2praktikum.cup.uni-muenchen.de\/index.php\/kontakt-3\/"},"modified":"2026-01-28T14:05:58","modified_gmt":"2026-01-28T13:05:58","slug":"kontakt-3","status":"publish","type":"page","link":"https:\/\/ac2praktikum.cup.uni-muenchen.de\/index.php\/kontakt-3\/","title":{"rendered":"Kontakt"},"content":{"rendered":"<div data-colibri-id=\"139-c1\" class=\"style-271 style-local-139-c1 position-relative\">\n  <!---->\n  <div data-colibri-component=\"section\" data-colibri-id=\"139-c2\" id=\"custom\" class=\"h-section h-section-global-spacing d-flex align-items-lg-center align-items-md-center align-items-center style-272 style-local-139-c2 position-relative\">\n    <!---->\n    <!---->\n    <div class=\"h-section-grid-container h-section-boxed-container\">\n      <!---->\n      <div data-colibri-id=\"139-c3\" class=\"h-row-container gutters-row-lg-2 gutters-row-md-2 gutters-row-0 gutters-row-v-lg-2 gutters-row-v-md-2 gutters-row-v-2 style-273 style-local-139-c3 position-relative\">\n        <!---->\n        <div class=\"h-row justify-content-lg-center justify-content-md-center justify-content-center align-items-lg-stretch align-items-md-stretch align-items-stretch gutters-col-lg-2 gutters-col-md-2 gutters-col-0 gutters-col-v-lg-2 gutters-col-v-md-2 gutters-col-v-2\">\n          <!---->\n          <div class=\"h-column h-column-container d-flex h-col-lg-auto h-col-md-auto h-col-auto style-274-outer style-local-139-c4-outer\">\n            <div data-colibri-id=\"139-c4\" class=\"d-flex h-flex-basis h-column__inner h-px-lg-2 h-px-md-2 h-px-2 v-inner-lg-2 v-inner-md-2 v-inner-2 style-274 style-local-139-c4 position-relative\">\n              <!---->\n              <!---->\n              <div class=\"w-100 h-y-container h-column__content h-column__v-align flex-basis-100 align-self-lg-start align-self-md-start align-self-start\">\n                <!---->\n                <div data-colibri-id=\"139-c5\" class=\"h-text h-text-component style-276 style-local-139-c5 position-relative h-element\">\n                  <!---->\n                  <!---->\n                  <div class=\"\">\n                    <p>Praktikumsleiter<\/p>\n                    <p>\n                      <br>\n                    <\/p>\n                    <p>\n                      <br>\n                    <\/p>\n                  <\/div>\n                <\/div>\n              <\/div>\n            <\/div>\n          <\/div>\n          <div class=\"h-column h-column-container d-flex h-col-lg-auto h-col-md-auto h-col-auto style-275-outer style-local-139-c6-outer\">\n            <div data-colibri-id=\"139-c6\" class=\"d-flex h-flex-basis h-column__inner h-px-lg-2 h-px-md-2 h-px-2 v-inner-lg-2 v-inner-md-2 v-inner-2 style-275 style-local-139-c6 position-relative\">\n              <!---->\n              <!---->\n              <div class=\"w-100 h-y-container h-column__content h-column__v-align flex-basis-100 align-self-lg-start align-self-md-start align-self-start\">\n                <!---->\n                <div data-colibri-id=\"139-c7\" class=\"h-text h-text-component style-277 style-local-139-c7 position-relative h-element\">\n                  <!---->\n                  <!---->\n                  <div class=\"\">\n                    <p>Prof. Dr. Constantin Hoch<\/p>\n                    <p>LMU M\u00fcnchen, Department Chemie\n                      <br>\n                    <\/p>\n                    <p>Raum D2.071<\/p>\n                    <p>Butenandtstra\u00dfe 5-13 (Haus D)<\/p>\n                    <p>81377 M\u00fcnchen<\/p>\n                    <p>089 2180 77421\n                      <br>\n                    <\/p>\n                  <\/div>\n                <\/div>\n                <div data-colibri-id=\"139-c8\" class=\"h-x-container style-792 style-local-139-c8 position-relative h-element\">\n                  <!---->\n                  <div class=\"h-x-container-inner style-dynamic-139-c8-group style-792-spacing style-local-139-c8-spacing\"><span class=\"h-link__outer style-793-outer style-local-139-c9-outer d-inline-flex h-element\"><a h-use-smooth-scroll=\"true\" href=\"mailto:constantin.hoch@cup.lmu.de\"  data-colibri-id=\"139-c9\" class=\"d-flex w-100 align-items-center h-link style-793 style-local-139-c9 position-relative\"><!----><span  class=\"h-svg-icon h-link__icon style-793-icon style-local-139-c9-icon\"><!--Icon by Font Awesome (https:\/\/fontawesome.com)-->\n    <svg version=\"1.1\" xmlns=\"http:\/\/www.w3.org\/2000\/svg\" xmlns:xlink=\"http:\/\/www.w3.org\/1999\/xlink\" id=\"envelope-o\" viewBox=\"0 0 1792 1896.0833\">\n      <path d=\"M1664 1504V736q-32 36-69 66-268 206-426 338-51 43-83 67t-86.5 48.5T897 1280h-2q-48 0-102.5-24.5T706 1207t-83-67q-158-132-426-338-37-30-69-66v768q0 13 9.5 22.5t22.5 9.5h1472q13 0 22.5-9.5t9.5-22.5zm0-1051v-24.5l-.5-13-3-12.5-5.5-9-9-7.5-14-2.5H160q-13 0-22.5 9.5T128 416q0 168 147 284 193 152 401 317 6 5 35 29.5t46 37.5 44.5 31.5T852 1143t43 9h2q20 0 43-9t50.5-27.5 44.5-31.5 46-37.5 35-29.5q208-165 401-317 54-43 100.5-115.5T1664 453zm128-37v1088q0 66-47 113t-113 47H160q-66 0-113-47T0 1504V416q0-66 47-113t113-47h1472q66 0 113 47t47 113z\"><\/path>\n    <\/svg><\/span> <span>Mail<\/span><\/a>\n                    <\/span>\n                  <\/div>\n                <\/div>\n                <div data-colibri-id=\"139-c10\" class=\"h-x-container style-794 style-local-139-c10 position-relative h-element\">\n                  <!---->\n                  <div class=\"h-x-container-inner style-dynamic-139-c10-group style-794-spacing style-local-139-c10-spacing\"><span class=\"h-link__outer style-795-outer style-local-139-c11-outer d-inline-flex h-element\"><a h-use-smooth-scroll=\"true\" href=\"https:\/\/hoch.cup.uni-muenchen.de\/\"  data-colibri-id=\"139-c11\" class=\"d-flex w-100 align-items-center h-link style-795 style-local-139-c11 position-relative\"><!----><span  class=\"h-svg-icon h-link__icon style-795-icon style-local-139-c11-icon\"><!--Icon by Font Awesome (https:\/\/fontawesome.com)-->\n    <svg version=\"1.1\" xmlns=\"http:\/\/www.w3.org\/2000\/svg\" xmlns:xlink=\"http:\/\/www.w3.org\/1999\/xlink\" id=\"share-square-o\" viewBox=\"0 0 1664 1896.0833\">\n      <path d=\"M1408 989v259q0 119-84.5 203.5T1120 1536H288q-119 0-203.5-84.5T0 1248V416q0-119 84.5-203.5T288 128h255q13 0 22.5 9.5T575 160q0 27-26 32-77 26-133 60-10 4-16 4H288q-66 0-113 47t-47 113v832q0 66 47 113t113 47h832q66 0 113-47t47-113v-214q0-19 18-29 28-13 54-37 16-16 35-8 21 9 21 29zm237-496l-384 384q-18 19-45 19-12 0-25-5-39-17-39-59V640H992q-323 0-438 131-119 137-74 473 3 23-20 34-8 2-12 2-16 0-26-13-10-14-21-31t-39.5-68.5T312 1068t-38.5-114T256 832q0-49 3.5-91t14-90 28-88 47-81.5 68.5-74 94.5-61.5T636 297.5 795.5 267 992 256h160V64q0-42 39-59 13-5 25-5 26 0 45 19l384 384q19 19 19 45t-19 45z\"><\/path>\n    <\/svg><\/span> <span>Homepage<\/span><\/a>\n                    <\/span>\n                  <\/div>\n                <\/div>\n              <\/div>\n            <\/div>\n          <\/div>\n        <\/div>\n      <\/div>\n      <div data-colibri-id=\"139-c12\" class=\"h-row-container gutters-row-lg-2 gutters-row-md-2 gutters-row-0 gutters-row-v-lg-2 gutters-row-v-md-2 gutters-row-v-2 style-3093 style-local-139-c12 position-relative\">\n        <!---->\n        <div class=\"h-row justify-content-lg-center justify-content-md-center justify-content-center align-items-lg-stretch align-items-md-stretch align-items-stretch gutters-col-lg-2 gutters-col-md-2 gutters-col-0 gutters-col-v-lg-2 gutters-col-v-md-2 gutters-col-v-2\">\n          <!---->\n          <div class=\"h-column h-column-container d-flex h-col-lg-auto h-col-md-auto h-col-auto style-3094-outer style-local-139-c13-outer\">\n            <div data-colibri-id=\"139-c13\" class=\"d-flex h-flex-basis h-column__inner h-px-lg-2 h-px-md-2 h-px-2 v-inner-lg-2 v-inner-md-2 v-inner-2 style-3094 style-local-139-c13 position-relative\">\n              <!---->\n              <!---->\n              <div class=\"w-100 h-y-container h-column__content h-column__v-align flex-basis-100 align-self-lg-start align-self-md-start align-self-start\">\n                <!---->\n                <div data-colibri-id=\"139-c14\" class=\"h-text h-text-component style-3096 style-local-139-c14 position-relative h-element\">\n                  <!---->\n                  <!---->\n                  <div class=\"\">\n                    <p>Fragen zur Anmeldung\n                      <br>\n                    <\/p>\n                  <\/div>\n                <\/div>\n              <\/div>\n            <\/div>\n          <\/div>\n          <div class=\"h-column h-column-container d-flex h-col-lg-auto h-col-md-auto h-col-auto style-3095-outer style-local-139-c15-outer\">\n            <div data-colibri-id=\"139-c15\" class=\"d-flex h-flex-basis h-column__inner h-px-lg-2 h-px-md-2 h-px-2 v-inner-lg-2 v-inner-md-2 v-inner-2 style-3095 style-local-139-c15 position-relative\">\n              <!---->\n              <!---->\n              <div class=\"w-100 h-y-container h-column__content h-column__v-align flex-basis-100 align-self-lg-start align-self-md-start align-self-start\">\n                <!---->\n                <div data-colibri-id=\"139-c16\" class=\"h-text h-text-component style-3097 style-local-139-c16 position-relative h-element\">\n                  <!---->\n                  <!---->\n                  <div class=\"\">\n                    <p>Dr. Thomas Engel<\/p>\n                    <p>Studienkoordinator<\/p>\n                    <p>LMU M\u00fcnchen, Department Chemie<\/p>\n                    <p>Raum F5.024<\/p>\n                    <p>Butenandtstra\u00dfe 5-13 (Haus F)<\/p>\n                    <p>81377 M\u00fcnchen<\/p>\n                    <p>089 2180 77690<\/p>\n                  <\/div>\n                <\/div>\n                <div data-colibri-id=\"139-c17\" class=\"h-x-container style-3100 style-local-139-c17 position-relative h-element\">\n                  <!---->\n                  <div class=\"h-x-container-inner style-dynamic-139-c17-group style-3100-spacing style-local-139-c17-spacing\"><span class=\"h-link__outer style-3101-outer style-local-139-c18-outer d-inline-flex h-element\"><a h-use-smooth-scroll=\"true\" href=\"mailto:thomas.engel@lmu.de\"  data-colibri-id=\"139-c18\" class=\"d-flex w-100 align-items-center h-link style-3101 style-local-139-c18 position-relative\"><!----><span  class=\"h-svg-icon h-link__icon style-3101-icon style-local-139-c18-icon\"><!--Icon by Font Awesome (https:\/\/fontawesome.com)-->\n    <svg version=\"1.1\" xmlns=\"http:\/\/www.w3.org\/2000\/svg\" xmlns:xlink=\"http:\/\/www.w3.org\/1999\/xlink\" id=\"envelope-o\" viewBox=\"0 0 1792 1896.0833\">\n      <path d=\"M1664 1504V736q-32 36-69 66-268 206-426 338-51 43-83 67t-86.5 48.5T897 1280h-2q-48 0-102.5-24.5T706 1207t-83-67q-158-132-426-338-37-30-69-66v768q0 13 9.5 22.5t22.5 9.5h1472q13 0 22.5-9.5t9.5-22.5zm0-1051v-24.5l-.5-13-3-12.5-5.5-9-9-7.5-14-2.5H160q-13 0-22.5 9.5T128 416q0 168 147 284 193 152 401 317 6 5 35 29.5t46 37.5 44.5 31.5T852 1143t43 9h2q20 0 43-9t50.5-27.5 44.5-31.5 46-37.5 35-29.5q208-165 401-317 54-43 100.5-115.5T1664 453zm128-37v1088q0 66-47 113t-113 47H160q-66 0-113-47T0 1504V416q0-66 47-113t113-47h1472q66 0 113 47t47 113z\"><\/path>\n    <\/svg><\/span> <span>Mail<\/span><\/a>\n                    <\/span>\n                  <\/div>\n                <\/div>\n                <div data-colibri-id=\"139-c19\" class=\"h-x-container style-3098 style-local-139-c19 position-relative h-element\">\n                  <!---->\n                  <div class=\"h-x-container-inner style-dynamic-139-c19-group style-3098-spacing style-local-139-c19-spacing\"><span class=\"h-link__outer style-3099-outer style-local-139-c20-outer d-inline-flex h-element\"><a h-use-smooth-scroll=\"true\" href=\"https:\/\/www.cup.uni-muenchen.de\/oc\/engel\/\"  data-colibri-id=\"139-c20\" class=\"d-flex w-100 align-items-center h-link style-3099 style-local-139-c20 position-relative\"><!----><span  class=\"h-svg-icon h-link__icon style-3099-icon style-local-139-c20-icon\"><!--Icon by Font Awesome (https:\/\/fontawesome.com)-->\n    <svg version=\"1.1\" xmlns=\"http:\/\/www.w3.org\/2000\/svg\" xmlns:xlink=\"http:\/\/www.w3.org\/1999\/xlink\" id=\"share-square-o\" viewBox=\"0 0 1664 1896.0833\">\n      <path d=\"M1408 989v259q0 119-84.5 203.5T1120 1536H288q-119 0-203.5-84.5T0 1248V416q0-119 84.5-203.5T288 128h255q13 0 22.5 9.5T575 160q0 27-26 32-77 26-133 60-10 4-16 4H288q-66 0-113 47t-47 113v832q0 66 47 113t113 47h832q66 0 113-47t47-113v-214q0-19 18-29 28-13 54-37 16-16 35-8 21 9 21 29zm237-496l-384 384q-18 19-45 19-12 0-25-5-39-17-39-59V640H992q-323 0-438 131-119 137-74 473 3 23-20 34-8 2-12 2-16 0-26-13-10-14-21-31t-39.5-68.5T312 1068t-38.5-114T256 832q0-49 3.5-91t14-90 28-88 47-81.5 68.5-74 94.5-61.5T636 297.5 795.5 267 992 256h160V64q0-42 39-59 13-5 25-5 26 0 45 19l384 384q19 19 19 45t-19 45z\"><\/path>\n    <\/svg><\/span> <span>Homepage<\/span><\/a>\n                    <\/span>\n                  <\/div>\n                <\/div>\n              <\/div>\n            <\/div>\n          <\/div>\n        <\/div>\n      <\/div>\n      <div data-colibri-id=\"139-c21\" class=\"h-row-container gutters-row-lg-2 gutters-row-md-2 gutters-row-0 gutters-row-v-lg-2 gutters-row-v-md-2 gutters-row-v-2 style-15600 style-local-139-c21 position-relative\">\n        <!---->\n        <div class=\"h-row justify-content-lg-center justify-content-md-center justify-content-center align-items-lg-stretch align-items-md-stretch align-items-stretch gutters-col-lg-2 gutters-col-md-2 gutters-col-0 gutters-col-v-lg-2 gutters-col-v-md-2 gutters-col-v-2\">\n          <!---->\n          <div class=\"h-column h-column-container d-flex h-col-lg-auto h-col-md-auto h-col-auto style-15601-outer style-local-139-c22-outer\">\n            <div data-colibri-id=\"139-c22\" class=\"d-flex h-flex-basis h-column__inner h-px-lg-2 h-px-md-2 h-px-2 v-inner-lg-2 v-inner-md-2 v-inner-2 style-15601 style-local-139-c22 position-relative\">\n              <!---->\n              <!---->\n              <div class=\"w-100 h-y-container h-column__content h-column__v-align flex-basis-100 align-self-lg-start align-self-md-start align-self-start\">\n                <!---->\n                <div data-colibri-id=\"139-c23\" class=\"h-text h-text-component style-15604 style-local-139-c23 position-relative h-element\">\n                  <!---->\n                  <!---->\n                  <div class=\"\">\n                    <p>Weitere Kontakte\n                      <br>\n                    <\/p>\n                  <\/div>\n                <\/div>\n              <\/div>\n            <\/div>\n          <\/div>\n          <div class=\"h-column h-column-container d-flex h-col-lg-auto h-col-md-auto h-col-auto style-15602-outer style-local-139-c24-outer\">\n            <div data-colibri-id=\"139-c24\" class=\"d-flex h-flex-basis h-column__inner h-px-lg-2 h-px-md-2 h-px-2 v-inner-lg-2 v-inner-md-2 v-inner-2 style-15602 style-local-139-c24 position-relative\">\n              <!---->\n              <!---->\n              <div class=\"w-100 h-y-container h-column__content h-column__v-align flex-basis-100 align-self-lg-start align-self-md-start align-self-start\">\n                <!---->\n                <div data-colibri-id=\"139-c25\" class=\"h-x-container style-15605 style-local-139-c25 position-relative h-element\">\n                  <!---->\n                  <div class=\"h-x-container-inner style-dynamic-139-c25-group style-15605-spacing style-local-139-c25-spacing\"><span class=\"h-link__outer style-15606-outer style-local-139-c26-outer d-inline-flex h-element\"><a h-use-smooth-scroll=\"true\" href=\"https:\/\/hoch.cup.uni-muenchen.de\/\"  data-colibri-id=\"139-c26\" class=\"d-flex w-100 align-items-center h-link style-15606 style-local-139-c26 position-relative\"><!----><span  class=\"h-svg-icon h-link__icon style-15606-icon style-local-139-c26-icon\"><!--Icon by Font Awesome (https:\/\/fontawesome.com)-->\n    <svg version=\"1.1\" xmlns=\"http:\/\/www.w3.org\/2000\/svg\" xmlns:xlink=\"http:\/\/www.w3.org\/1999\/xlink\" id=\"share-square\" viewBox=\"0 0 1536 1896.0833\">\n      <path d=\"M1005 1101l352-352q19-19 19-45t-19-45l-352-352q-30-31-69-14-40 17-40 59v160q-119 0-216 19.5t-162.5 51-114 79T327 757t-44.5 109T261 977.5t-5 110.5q0 181 167 404 11 12 25 12 7 0 13-3 22-9 19-33-44-354 62-473 46-52 130-75.5T896 896v160q0 42 40 59 12 5 24 5 26 0 45-19zm531-685v960q0 119-84.5 203.5T1248 1664H288q-119 0-203.5-84.5T0 1376V416q0-119 84.5-203.5T288 128h960q119 0 203.5 84.5T1536 416z\"><\/path>\n    <\/svg><\/span> <span>Homepage AK Hoch<\/span><\/a>\n                    <\/span>\n                  <\/div>\n                <\/div>\n                <div data-colibri-id=\"139-c27\" class=\"h-x-container style-15609 style-local-139-c27 position-relative h-element\">\n                  <!---->\n                  <div class=\"h-x-container-inner style-dynamic-139-c27-group style-15609-spacing style-local-139-c27-spacing\"><span class=\"h-link__outer style-15610-outer style-local-139-c28-outer d-inline-flex h-element\"><a h-use-smooth-scroll=\"true\" href=\"https:\/\/www.cup.lmu.de\/de\/fakultaet\/departments-und-wiss.-einrichtungen\/department-chemie\/\"  data-colibri-id=\"139-c28\" class=\"d-flex w-100 align-items-center h-link style-15610 style-local-139-c28 position-relative\"><!----><span  class=\"h-svg-icon h-link__icon style-15610-icon style-local-139-c28-icon\"><!--Icon by Font Awesome (https:\/\/fontawesome.com)-->\n    <svg version=\"1.1\" xmlns=\"http:\/\/www.w3.org\/2000\/svg\" xmlns:xlink=\"http:\/\/www.w3.org\/1999\/xlink\" id=\"share-square\" viewBox=\"0 0 1536 1896.0833\">\n      <path d=\"M1005 1101l352-352q19-19 19-45t-19-45l-352-352q-30-31-69-14-40 17-40 59v160q-119 0-216 19.5t-162.5 51-114 79T327 757t-44.5 109T261 977.5t-5 110.5q0 181 167 404 11 12 25 12 7 0 13-3 22-9 19-33-44-354 62-473 46-52 130-75.5T896 896v160q0 42 40 59 12 5 24 5 26 0 45-19zm531-685v960q0 119-84.5 203.5T1248 1664H288q-119 0-203.5-84.5T0 1376V416q0-119 84.5-203.5T288 128h960q119 0 203.5 84.5T1536 416z\"><\/path>\n    <\/svg><\/span> <span>Department Chemie<\/span><\/a>\n                    <\/span>\n                  <\/div>\n                <\/div>\n                <div data-colibri-id=\"139-c29\" class=\"h-x-container style-15611 style-local-139-c29 position-relative h-element\">\n                  <!---->\n                  <div class=\"h-x-container-inner style-dynamic-139-c29-group style-15611-spacing style-local-139-c29-spacing\"><span class=\"h-link__outer style-15612-outer style-local-139-c30-outer d-inline-flex h-element\"><a h-use-smooth-scroll=\"true\" href=\"https:\/\/www.cup.uni-muenchen.de\/\"  data-colibri-id=\"139-c30\" class=\"d-flex w-100 align-items-center h-link style-15612 style-local-139-c30 position-relative\"><!----><span  class=\"h-svg-icon h-link__icon style-15612-icon style-local-139-c30-icon\"><!--Icon by Font Awesome (https:\/\/fontawesome.com)-->\n    <svg version=\"1.1\" xmlns=\"http:\/\/www.w3.org\/2000\/svg\" xmlns:xlink=\"http:\/\/www.w3.org\/1999\/xlink\" id=\"share-square\" viewBox=\"0 0 1536 1896.0833\">\n      <path d=\"M1005 1101l352-352q19-19 19-45t-19-45l-352-352q-30-31-69-14-40 17-40 59v160q-119 0-216 19.5t-162.5 51-114 79T327 757t-44.5 109T261 977.5t-5 110.5q0 181 167 404 11 12 25 12 7 0 13-3 22-9 19-33-44-354 62-473 46-52 130-75.5T896 896v160q0 42 40 59 12 5 24 5 26 0 45-19zm531-685v960q0 119-84.5 203.5T1248 1664H288q-119 0-203.5-84.5T0 1376V416q0-119 84.5-203.5T288 128h960q119 0 203.5 84.5T1536 416z\"><\/path>\n    <\/svg><\/span> <span>Fakult\u00e4t Chemie und Pharmazie<\/span><\/a>\n                    <\/span>\n                  <\/div>\n                <\/div>\n                <div data-colibri-id=\"139-c31\" class=\"h-x-container style-15607 style-local-139-c31 position-relative h-element\">\n                  <!---->\n                  <div class=\"h-x-container-inner style-dynamic-139-c31-group style-15607-spacing style-local-139-c31-spacing\"><span class=\"h-link__outer style-15608-outer style-local-139-c32-outer d-inline-flex h-element\"><a h-use-smooth-scroll=\"true\" href=\"https:\/\/www.lmu.de\/de\/index.html\"  data-colibri-id=\"139-c32\" class=\"d-flex w-100 align-items-center h-link style-15608 style-local-139-c32 position-relative\"><!----><span  class=\"h-svg-icon h-link__icon style-15608-icon style-local-139-c32-icon\"><!--Icon by Font Awesome (https:\/\/fontawesome.com)-->\n    <svg version=\"1.1\" xmlns=\"http:\/\/www.w3.org\/2000\/svg\" xmlns:xlink=\"http:\/\/www.w3.org\/1999\/xlink\" id=\"share-square\" viewBox=\"0 0 1536 1896.0833\">\n      <path d=\"M1005 1101l352-352q19-19 19-45t-19-45l-352-352q-30-31-69-14-40 17-40 59v160q-119 0-216 19.5t-162.5 51-114 79T327 757t-44.5 109T261 977.5t-5 110.5q0 181 167 404 11 12 25 12 7 0 13-3 22-9 19-33-44-354 62-473 46-52 130-75.5T896 896v160q0 42 40 59 12 5 24 5 26 0 45-19zm531-685v960q0 119-84.5 203.5T1248 1664H288q-119 0-203.5-84.5T0 1376V416q0-119 84.5-203.5T288 128h960q119 0 203.5 84.5T1536 416z\"><\/path>\n    <\/svg><\/span> <span>LMU M\u00fcnchen<\/span><\/a>\n                    <\/span>\n                  <\/div>\n                <\/div>\n              <\/div>\n            <\/div>\n          <\/div>\n        <\/div>\n      <\/div>\n    <\/div>\n  <\/div>\n<\/div>","protected":false},"excerpt":{"rendered":"<p>Praktikumsleiter Prof. Dr. Constantin Hoch LMU M\u00fcnchen, Department Chemie Raum D2.071 Butenandtstra\u00dfe 5-13 (Haus D) 81377 M\u00fcnchen 089 2180 77421 Mail Homepage Fragen zur Anmeldung Dr. Thomas Engel Studienkoordinator LMU M\u00fcnchen, Department Chemie Raum F5.024 Butenandtstra\u00dfe 5-13 (Haus F) 81377 M\u00fcnchen 089 2180 77690 Mail Homepage Weitere Kontakte Homepage AK Hoch Department Chemie Fakult\u00e4t Chemie [&hellip;]<\/p>\n","protected":false},"author":1,"featured_media":0,"parent":0,"menu_order":0,"comment_status":"closed","ping_status":"closed","template":"page-templates\/full-width-page.php","meta":{"footnotes":""},"class_list":["post-139","page","type-page","status-publish","hentry"],"_links":{"self":[{"href":"https:\/\/ac2praktikum.cup.uni-muenchen.de\/index.php\/wp-json\/wp\/v2\/pages\/139","targetHints":{"allow":["GET"]}}],"collection":[{"href":"https:\/\/ac2praktikum.cup.uni-muenchen.de\/index.php\/wp-json\/wp\/v2\/pages"}],"about":[{"href":"https:\/\/ac2praktikum.cup.uni-muenchen.de\/index.php\/wp-json\/wp\/v2\/types\/page"}],"author":[{"embeddable":true,"href":"https:\/\/ac2praktikum.cup.uni-muenchen.de\/index.php\/wp-json\/wp\/v2\/users\/1"}],"replies":[{"embeddable":true,"href":"https:\/\/ac2praktikum.cup.uni-muenchen.de\/index.php\/wp-json\/wp\/v2\/comments?post=139"}],"version-history":[{"count":2,"href":"https:\/\/ac2praktikum.cup.uni-muenchen.de\/index.php\/wp-json\/wp\/v2\/pages\/139\/revisions"}],"predecessor-version":[{"id":44778,"href":"https:\/\/ac2praktikum.cup.uni-muenchen.de\/index.php\/wp-json\/wp\/v2\/pages\/139\/revisions\/44778"}],"wp:attachment":[{"href":"https:\/\/ac2praktikum.cup.uni-muenchen.de\/index.php\/wp-json\/wp\/v2\/media?parent=139"}],"curies":[{"name":"wp","href":"https:\/\/api.w.org\/{rel}","templated":true}]}}