{"id":763,"date":"2021-05-20T10:42:38","date_gmt":"2021-05-20T08:42:38","guid":{"rendered":"https:\/\/ac2praktikum.cup.uni-muenchen.de\/?page_id=763"},"modified":"2024-07-15T19:50:21","modified_gmt":"2024-07-15T17:50:21","slug":"ziele","status":"publish","type":"page","link":"https:\/\/ac2praktikum.cup.uni-muenchen.de\/index.php\/ziele\/","title":{"rendered":"Ziele"},"content":{"rendered":"<div data-colibri-id=\"763-c1\" class=\"style-717 style-local-763-c1 position-relative\">\n  <!---->\n  <div data-colibri-component=\"section\" data-colibri-id=\"763-c2\" id=\"initial-content\" class=\"h-section h-section-global-spacing d-flex align-items-lg-center align-items-md-center align-items-center style-718 style-local-763-c2 position-relative\">\n    <!---->\n    <!---->\n    <div class=\"h-section-grid-container h-section-boxed-container\">\n      <!---->\n      <div data-colibri-id=\"763-c3\" class=\"h-row-container gutters-row-lg-2 gutters-row-md-2 gutters-row-0 gutters-row-v-lg-2 gutters-row-v-md-2 gutters-row-v-2 style-719 style-local-763-c3 position-relative\">\n        <!---->\n        <div class=\"h-row justify-content-lg-center justify-content-md-center justify-content-center align-items-lg-stretch align-items-md-stretch align-items-stretch gutters-col-lg-2 gutters-col-md-2 gutters-col-0 gutters-col-v-lg-2 gutters-col-v-md-2 gutters-col-v-2\">\n          <!---->\n          <div class=\"h-column h-column-container d-flex h-col-lg-6 h-col-md-6 h-col-12 style-720-outer style-local-763-c4-outer\">\n            <div data-colibri-id=\"763-c4\" class=\"d-flex h-flex-basis h-column__inner h-px-lg-2 h-px-md-2 h-px-2 v-inner-lg-2 v-inner-md-2 v-inner-2 style-720 style-local-763-c4 position-relative\">\n              <!---->\n              <!---->\n              <div class=\"w-100 h-y-container h-column__content h-column__v-align flex-basis-100 align-self-lg-start align-self-md-start align-self-start\">\n                <!---->\n                <div data-colibri-id=\"763-c5\" class=\"h-text h-text-component style-723 style-local-763-c5 position-relative h-element\">\n                  <!---->\n                  <!---->\n                  <div class=\"\">\n                    <p>Ziele des Praktikums\n                      <br>\n                    <\/p>\n                  <\/div>\n                <\/div>\n              <\/div>\n            <\/div>\n          <\/div>\n          <div class=\"h-column h-column-container d-flex h-col-lg-6 h-col-md-6 h-col-12 style-722-outer style-local-763-c6-outer\">\n            <div data-colibri-id=\"763-c6\" class=\"d-flex h-flex-basis h-column__inner h-px-lg-2 h-px-md-2 h-px-2 v-inner-lg-2 v-inner-md-2 v-inner-2 style-722 style-local-763-c6 position-relative\">\n              <!---->\n              <!---->\n              <div class=\"w-100 h-y-container h-column__content h-column__v-align flex-basis-100 align-self-lg-start align-self-md-start align-self-start\">\n                <!---->\n                <div data-colibri-id=\"763-c7\" class=\"h-text h-text-component style-724 style-local-763-c7 position-relative h-element\">\n                  <!---->\n                  <!---->\n                  <div class=\"\">\n                    <p>Das Praktikum richtet sich vornehmlich an die Studierenden des 4. Fachsemesters im Studiengang Bachelor &#8220;Chemie und Biochemie&#8221;. Schl\u00fcsselqualifikationen dieses Praktikums sind unter anderem:<\/p>\n                  <\/div>\n                <\/div>\n                <div data-colibri-id=\"763-c8\" class=\"h-text h-text-component style-725 style-local-763-c8 position-relative h-element\">\n                  <!---->\n                  <!---->\n                  <div class=\"\">\n                    <ul>\n                      <li>Erlernen fortgeschrittener Pr\u00e4parationstechniken in den Bereichen Festk\u00f6rperchemie, Koordinationschemie, Molek\u00fclchemie, Intermetallischer Chemie, Nanochemie, Organometallchemie.<\/li>\n                    <\/ul>\n                  <\/div>\n                <\/div>\n                <div data-colibri-id=\"763-c9\" class=\"h-text h-text-component style-726 style-local-763-c9 position-relative h-element\">\n                  <!---->\n                  <!---->\n                  <div class=\"\">\n                    <ul>\n                      <li>Sicherer Umgang mit einer breiten Palette an Gefahrstoffen, komplexen Apparaturen, besonders hohen und tiefen Temperaturen, Gasen unter Druck, Vakuum-Apparaturen, Schutzgassynthesen, u. a.<\/li>\n                    <\/ul>\n                  <\/div>\n                <\/div>\n                <div data-colibri-id=\"763-c10\" class=\"h-text h-text-component style-727 style-local-763-c10 position-relative h-element\">\n                  <!---->\n                  <!---->\n                  <div class=\"\">\n                    <ul>\n                      <li>Selbstst\u00e4ndige Literaturrecherche zu Pr\u00e4parationsmethoden, Sicherheitsaspekten, Analysemethoden und theoretischen Hintergr\u00fcnden.<\/li>\n                    <\/ul>\n                  <\/div>\n                <\/div>\n                <div data-colibri-id=\"763-c11\" class=\"h-text h-text-component style-728 style-local-763-c11 position-relative h-element\">\n                  <!---->\n                  <!---->\n                  <div class=\"\">\n                    <ul>\n                      <li>Eigenst\u00e4ndiges Planen, Durchf\u00fchren und Auswerten der analytischen Charakterisierung der Produkte mit einer Vielzahl von Methoden.<\/li>\n                    <\/ul>\n                  <\/div>\n                <\/div>\n                <div data-colibri-id=\"763-c12\" class=\"h-text h-text-component style-729 style-local-763-c12 position-relative h-element\">\n                  <!---->\n                  <!---->\n                  <div class=\"\">\n                    <ul>\n                      <li>Verfassen eines Protokolls nach den Regeln der &#8220;guten wissenschaftlichen Praxis&#8221;.<\/li>\n                    <\/ul>\n                  <\/div>\n                <\/div>\n              <\/div>\n            <\/div>\n          <\/div>\n        <\/div>\n      <\/div>\n    <\/div>\n  <\/div>\n<\/div>","protected":false},"excerpt":{"rendered":"<p>Ziele des Praktikums Das Praktikum richtet sich vornehmlich an die Studierenden des 4. Fachsemesters im Studiengang Bachelor &#8220;Chemie und Biochemie&#8221;. Schl\u00fcsselqualifikationen dieses Praktikums sind unter anderem: Erlernen fortgeschrittener Pr\u00e4parationstechniken in den Bereichen Festk\u00f6rperchemie, Koordinationschemie, Molek\u00fclchemie, Intermetallischer Chemie, Nanochemie, Organometallchemie. Sicherer Umgang mit einer breiten Palette an Gefahrstoffen, komplexen Apparaturen, besonders hohen und tiefen Temperaturen, Gasen [&hellip;]<\/p>\n","protected":false},"author":1,"featured_media":0,"parent":0,"menu_order":0,"comment_status":"closed","ping_status":"closed","template":"page-templates\/full-width-page.php","meta":{"footnotes":""},"class_list":["post-763","page","type-page","status-publish","hentry"],"_links":{"self":[{"href":"https:\/\/ac2praktikum.cup.uni-muenchen.de\/index.php\/wp-json\/wp\/v2\/pages\/763","targetHints":{"allow":["GET"]}}],"collection":[{"href":"https:\/\/ac2praktikum.cup.uni-muenchen.de\/index.php\/wp-json\/wp\/v2\/pages"}],"about":[{"href":"https:\/\/ac2praktikum.cup.uni-muenchen.de\/index.php\/wp-json\/wp\/v2\/types\/page"}],"author":[{"embeddable":true,"href":"https:\/\/ac2praktikum.cup.uni-muenchen.de\/index.php\/wp-json\/wp\/v2\/users\/1"}],"replies":[{"embeddable":true,"href":"https:\/\/ac2praktikum.cup.uni-muenchen.de\/index.php\/wp-json\/wp\/v2\/comments?post=763"}],"version-history":[{"count":0,"href":"https:\/\/ac2praktikum.cup.uni-muenchen.de\/index.php\/wp-json\/wp\/v2\/pages\/763\/revisions"}],"wp:attachment":[{"href":"https:\/\/ac2praktikum.cup.uni-muenchen.de\/index.php\/wp-json\/wp\/v2\/media?parent=763"}],"curies":[{"name":"wp","href":"https:\/\/api.w.org\/{rel}","templated":true}]}}